{"id":27,"date":"2014-12-28T10:53:18","date_gmt":"2014-12-28T10:53:18","guid":{"rendered":"http:\/\/new.marienberg.cz\/?page_id=27"},"modified":"2015-03-29T15:11:47","modified_gmt":"2015-03-29T14:11:47","slug":"vera-laubova-and-jiri-tesar","status":"publish","type":"page","link":"https:\/\/www.marienberg.cz\/?page_id=27","title":{"rendered":"Vera Laubova &#038; Jiri Tesar"},"content":{"rendered":"<p><a href=\"http:\/\/www.marienberg.cz\/wp-content\/uploads\/2014\/12\/Vera-Laubova.jpg\"><img loading=\"lazy\" decoding=\"async\" class=\" size-medium wp-image-37 alignleft\" src=\"http:\/\/www.marienberg.cz\/wp-content\/uploads\/2014\/12\/Vera-Laubova-206x300.jpg\" alt=\"Vera Laubova\" width=\"206\" height=\"300\" \/><\/a>V\u011bra Laubov\u00e1 is entranced by the mysticism of timeless trees and has been drawing living manifestations of their spirit since she was a child. Ji\u0159\u00ed Tesa\u0159 has enhanced these concepts with his engraving mastery, bringing out the deeper emotions and natural balance on these hand-crafted glass pieces.<\/p>\n<p><a href=\"http:\/\/www.marienberg.cz\/wp-content\/uploads\/2014\/12\/Jiri-Tesar.jpg\"><img loading=\"lazy\" decoding=\"async\" class=\" size-medium wp-image-33 alignright\" src=\"http:\/\/www.marienberg.cz\/wp-content\/uploads\/2014\/12\/Jiri-Tesar-300x200.jpg\" alt=\"Jiri Tesar\" width=\"300\" height=\"200\" srcset=\"https:\/\/www.marienberg.cz\/wp-content\/uploads\/2014\/12\/Jiri-Tesar-300x200.jpg 300w, https:\/\/www.marienberg.cz\/wp-content\/uploads\/2014\/12\/Jiri-Tesar.jpg 450w\" sizes=\"auto, (max-width: 300px) 100vw, 300px\" \/><\/a><\/p>\n<p>&nbsp;<\/p>\n<p>&nbsp;<\/p>\n<p>&nbsp;<\/p>\n<p><a title=\"www.jiritesar.cz\" href=\"http:\/\/www.jiritesar.cz\" target=\"_blank\">www.jiritesar.cz<\/a><\/p>\n<p><a href=\"http:\/\/www.marienberg.cz\/wp-content\/uploads\/2014\/12\/Vera-Laubova-a-Jiri-Tesar-Les-Trees.jpg\" target=\"_blank\"><img loading=\"lazy\" decoding=\"async\" class=\"alignnone wp-image-192 size-large\" src=\"http:\/\/www.marienberg.cz\/wp-content\/uploads\/2014\/12\/Vera-Laubova-a-Jiri-Tesar-Les-Trees-1024x757.jpg\" alt=\"Vera Laubova a Jiri Tesar - Les Trees\" width=\"604\" height=\"447\" srcset=\"https:\/\/www.marienberg.cz\/wp-content\/uploads\/2014\/12\/Vera-Laubova-a-Jiri-Tesar-Les-Trees-1024x757.jpg 1024w, https:\/\/www.marienberg.cz\/wp-content\/uploads\/2014\/12\/Vera-Laubova-a-Jiri-Tesar-Les-Trees-300x222.jpg 300w\" sizes=\"auto, (max-width: 604px) 100vw, 604px\" \/><\/a><\/p>\n","protected":false},"excerpt":{"rendered":"<p>V\u011bra Laubov\u00e1 is entranced by the mysticism of timeless trees and has been drawing living manifestations of their spirit since she was a child. Ji\u0159\u00ed Tesa\u0159 has enhanced these concepts with his engraving mastery, bringing out the deeper emotions and natural balance on these hand-crafted glass pieces. &nbsp; &nbsp; &nbsp; www.jiritesar.cz<\/p>\n","protected":false},"author":1,"featured_media":0,"parent":11,"menu_order":0,"comment_status":"closed","ping_status":"closed","template":"","meta":{"footnotes":""},"class_list":["post-27","page","type-page","status-publish","hentry"],"_links":{"self":[{"href":"https:\/\/www.marienberg.cz\/index.php?rest_route=\/wp\/v2\/pages\/27","targetHints":{"allow":["GET"]}}],"collection":[{"href":"https:\/\/www.marienberg.cz\/index.php?rest_route=\/wp\/v2\/pages"}],"about":[{"href":"https:\/\/www.marienberg.cz\/index.php?rest_route=\/wp\/v2\/types\/page"}],"author":[{"embeddable":true,"href":"https:\/\/www.marienberg.cz\/index.php?rest_route=\/wp\/v2\/users\/1"}],"replies":[{"embeddable":true,"href":"https:\/\/www.marienberg.cz\/index.php?rest_route=%2Fwp%2Fv2%2Fcomments&post=27"}],"version-history":[{"count":10,"href":"https:\/\/www.marienberg.cz\/index.php?rest_route=\/wp\/v2\/pages\/27\/revisions"}],"predecessor-version":[{"id":231,"href":"https:\/\/www.marienberg.cz\/index.php?rest_route=\/wp\/v2\/pages\/27\/revisions\/231"}],"up":[{"embeddable":true,"href":"https:\/\/www.marienberg.cz\/index.php?rest_route=\/wp\/v2\/pages\/11"}],"wp:attachment":[{"href":"https:\/\/www.marienberg.cz\/index.php?rest_route=%2Fwp%2Fv2%2Fmedia&parent=27"}],"curies":[{"name":"wp","href":"https:\/\/api.w.org\/{rel}","templated":true}]}}